{"id":3,"date":"2021-04-27T15:48:17","date_gmt":"2021-04-27T13:48:17","guid":{"rendered":"https:\/\/agli-design.de\/?page_id=3"},"modified":"2022-03-14T22:36:04","modified_gmt":"2022-03-14T21:36:04","slug":"datenschutzerklaerung","status":"publish","type":"page","link":"https:\/\/agli-design.de\/?page_id=3","title":{"rendered":"Impressum"},"content":{"rendered":"<p>[vc_row padding_top_multiplier=&#8220;5x&#8220; rc_heading_color=&#8220;white&#8220; rc_bg_type=&#8220;color&#8220; tablet_sm_columns_vertical_gap=&#8220;60&#8243; rc_font_color=&#8220;#000000&#8243; rc_bg_color=&#8220;#ffffff&#8220;][vc_column width=&#8220;5\/12&#8243; animation=&#8220;fade-in-up&#8220; tablet_sm_width=&#8220;2-3&#8243; rc_font_color=&#8220;#000000&#8243;]<div class=\"grve-element grve-image grve-align-left grve-image-space-100 grve-image-expand-width\">\r\n\t<div class=\"grve-image-item\">\r\n\t\t\r\n\r\n<div class=\"grve-image-wrapper grve-no-effect\">\r\n\t\t<div class=\"grve-thumbnail-wrapper\"><div class=\"grve-thumbnail\"  style=\"padding-top: 120.471%;\"><img fetchpriority=\"high\" decoding=\"async\" width=\"850\" height=\"1024\" src=\"https:\/\/agli-design.de\/wp-content\/uploads\/2022\/03\/IMG_0625-850x1024.jpg\" class=\"attachment-large size-large grve-lazy-load lazyload\" alt=\"\" data-column-space=\"100\" data-lazyload=\"\" data-grve-filter=\"yes\" srcset=\"https:\/\/agli-design.de\/wp-content\/themes\/impeka\/images\/empty\/empty.png\" data-src=\"https:\/\/agli-design.de\/wp-content\/uploads\/2022\/03\/IMG_0625-850x1024.jpg\" data-sizes=\"auto\" data-srcset=\"https:\/\/agli-design.de\/wp-content\/uploads\/2022\/03\/IMG_0625-850x1024.jpg 850w, https:\/\/agli-design.de\/wp-content\/uploads\/2022\/03\/IMG_0625-249x300.jpg 249w, https:\/\/agli-design.de\/wp-content\/uploads\/2022\/03\/IMG_0625-768x926.jpg 768w, https:\/\/agli-design.de\/wp-content\/uploads\/2022\/03\/IMG_0625-1274x1536.jpg 1274w, https:\/\/agli-design.de\/wp-content\/uploads\/2022\/03\/IMG_0625.jpg 1500w\" data-expand=\"1\" \/><\/div><\/div>\t<\/div>\r\n\t<\/div>\r\n<\/div>\r\n[\/vc_column][vc_column width=&#8220;7\/12&#8243; content_width=&#8220;custom&#8220; rc_heading_color=&#8220;black&#8220; rc_link_hover_color=&#8220;primary-1&#8243; tablet_sm_width=&#8220;1&#8243; custom_content_width=&#8220;610&#8243; rc_font_color=&#8220;#000000&#8243;]<h1 class=\"grve-element grve-title grve-align-inherit grve-h1\"><span><br>\n<span style=\"color: #000000;\">Impressum &amp; <span class=\"grve-underline grve-line-primary-1\">Datenschutz<\/span><\/span><br>\n<\/span><\/h1><h3 data-animation=\"fade-in-left\" data-delay=\"100\" data-duration=\"normal\" class=\"grve-element grve-title grve-align-inherit grve-animated-item grve-h5\"><span><br>\n<span style=\"color: #000000;\">Angaben gem\u00e4\u00df \u00a7 5 TMG<\/span><br>\n<\/span><\/h3><div class=\"grve-element grve-title grve-align-inherit grve-subtitle-text\"><span><br>\nVertreten durch<br>\n<\/span><\/div>[vc_column_text animation=&#8220;fade-in&#8220; animation_delay=&#8220;600&#8243;]<\/p>\n<p class=\"PROJEKT_info2_zent\">Agnes Lison<\/p>\n<p>[\/vc_column_text]<div class=\"grve-element grve-title grve-align-inherit grve-subtitle-text\"><span><br>\nKONTAKT<br>\n<\/span><\/div>[vc_column_text animation=&#8220;fade-in&#8220; animation_delay=&#8220;600&#8243;]<\/p>\n<p class=\"PROJEKT_info2_zent\">Tel: 0151 16353557<br \/>\n<a href=\"mail@agli-design.de\">E-Mail: mail@agli-design.de<\/a><\/p>\n<p>[\/vc_column_text]<div class=\"grve-element grve-title grve-align-inherit grve-subtitle-text\"><span><br>\nVERANTWORTLICH F\u00dcR DEN INHALT<br>\n<\/span><\/div>[vc_column_text animation=&#8220;fade-in&#8220; animation_delay=&#8220;600&#8243;]<\/p>\n<p class=\"PROJEKT_info2_zent\">Nach \u00a7 55 Abs. 2 RSTV<br \/>\nAgnes Lison<br \/>\nKirchenstra\u00dfe 97 |\u00a081675 M\u00fcnchen<\/p>\n<p>[\/vc_column_text]<div class=\"grve-empty-space grve-height-1x\"><\/div><div class=\"grve-element grve-divider\"><div class=\"grve-vertical-divider grve-align-inherit grve-height-4x grve-line-anim-top-bottom\" style=\"width: 2px;\"><span class=\"grve-bg-primary-1\"><\/span><\/div><\/div>[\/vc_column][\/vc_row][vc_row padding_top_multiplier=&#8220;&#8220; mobile_columns_vertical_gap=&#8220;none&#8220;][vc_column content_width=&#8220;custom&#8220; horizontal_content_position=&#8220;center&#8220; custom_content_width=&#8220;770&#8243;]<h3 class=\"grve-element grve-title grve-align-inherit grve-h2\"><span><br>\nHaftungsanschluss<br>\n<\/span><\/h3>[vc_row_inner mobile_columns_vertical_gap=&#8220;15&#8243;][vc_column_inner width=&#8220;1\/4&#8243;]<h3 class=\"grve-element grve-title grve-align-inherit grve-h6\"><span><br>\nHaftung f\u00fcr Inhalte<br>\n<\/span><\/h3>[\/vc_column_inner][vc_column_inner width=&#8220;3\/4&#8243;]<h3 class=\"grve-element grve-title grve-align-inherit grve-h5\"><span><br>\nDisclaimer<br>\n<\/span><\/h3>[vc_column_text]<\/p>\n<p class=\"PROJEKT_info2_zent\">Als Diensteanbieter sind wir gem\u00e4\u00df \u00a7 7 Abs.1 TMG f\u00fcr eigene Inhalte auf diesen Seiten nach den allgemeinen Gesetzen verantwortlich. Nach \u00a7\u00a7 8 bis 10 TMG sind wir als Diensteanbieter jedoch nicht verpflichtet, \u00fcbermittelte oder gespeicherte fremde Informationen zu \u00fcberwachen oder nach Umst\u00e4nden zu forschen, die auf eine rechtswidrige T\u00e4tigkeit hinweisen. Verpflichtungen zur Entfernung oder Sperrung der Nutzung von Informationen nach den allgemeinen Gesetzen bleiben hiervon unber\u00fchrt. Eine diesbez\u00fcgliche Haftung ist jedoch erst ab dem Zeitpunkt der Kenntnis einer konkreten Rechtsverletzung m\u00f6glich. Bei Bekanntwerden von entsprechenden Rechtsverletzungen werden wir diese Inhalte umgehend entfernen.<\/p>\n<p>[\/vc_column_text][\/vc_column_inner][\/vc_row_inner]<div class=\"grve-empty-space grve-height-2x\"><\/div>[vc_row_inner mobile_columns_vertical_gap=&#8220;15&#8243;][vc_column_inner width=&#8220;1\/4&#8243;]<h3 class=\"grve-element grve-title grve-align-inherit grve-h6\"><span><br>\nHaftung f\u00fcr Links<br>\n<\/span><\/h3>[\/vc_column_inner][vc_column_inner width=&#8220;3\/4&#8243;][vc_column_text]<\/p>\n<p class=\"PROJEKT_info2_zent\">Unser Angebot enth\u00e4lt Links zu externen Webseiten Dritter, auf deren Inhalte wir keinen Einfluss haben. Deshalb k\u00f6nnen wir f\u00fcr diese fremden Inhalte auch keine Gew\u00e4hr \u00fcbernehmen. F\u00fcr die Inhalte der verlinkten Seiten ist stets der jeweilige Anbieter oder Betreiber der Seiten verantwortlich. Die verlinkten Seiten wurden zum Zeitpunkt der Verlinkung auf m\u00f6gliche Rechtsverst\u00f6\u00dfe \u00fcberpr\u00fcft. Rechtswidrige Inhalte waren zum Zeitpunkt der Verlinkung nicht erkennbar. Eine permanente inhaltliche Kontrolle der verlinkten Seiten ist jedoch ohne konkrete Anhaltspunkte einer Rechtsverletzung nicht zumutbar. Bei Bekanntwerden von Rechtsverletzungen werden wir derartige Links umgehend entfernen.<\/p>\n<p>[\/vc_column_text][\/vc_column_inner][\/vc_row_inner]<div class=\"grve-empty-space grve-height-2x\"><\/div>[vc_row_inner mobile_columns_vertical_gap=&#8220;15&#8243;][vc_column_inner width=&#8220;1\/4&#8243;]<h3 class=\"grve-element grve-title grve-align-inherit grve-h6\"><span><br>\nUrheberrecht<br>\n<\/span><\/h3>[\/vc_column_inner][vc_column_inner width=&#8220;3\/4&#8243;][vc_column_text]<\/p>\n<p class=\"PROJEKT_info2_zent\">Die durch die Seitenbetreiber erstellten Inhalte und Werke auf diesen Seiten unterliegen dem deutschen Urheberrecht. Die Vervielf\u00e4ltigung, Bearbeitung, Verbreitung und jede Art der Verwertung au\u00dferhalb der Grenzen des Urheberrechtes bed\u00fcrfen der schriftlichen Zustimmung des jeweiligen Autors bzw. Erstellers. Downloads und Kopien dieser Seite sind nur f\u00fcr den privaten, nicht kommerziellen Gebrauch gestattet. Soweit die Inhalte auf dieser Seite nicht vom Betreiber erstellt wurden, werden die Urheberrechte Dritter beachtet. Insbesondere werden Inhalte Dritter als solche gekennzeichnet. Sollten Sie trotzdem auf eine Urheberrechtsverletzung aufmerksam werden, bitten wir um einen entsprechenden Hinweis. Bei Bekanntwerden von Rechtsverletzungen werden wir derartige Inhalte umgehend entfernen.<\/p>\n<p>Fotografien von A. Lison: Johanna Baron[\/vc_column_text][\/vc_column_inner][\/vc_row_inner]<div class=\"grve-empty-space grve-height-1x\"><\/div><div class=\"grve-element grve-divider\"><div class=\"grve-vertical-divider grve-align-inherit grve-height-4x grve-line-anim-top-bottom\" style=\"width: 2px;\"><span class=\"grve-bg-primary-1\"><\/span><\/div><\/div>[\/vc_column][\/vc_row][vc_row padding_top_multiplier=&#8220;&#8220; padding_bottom_multiplier=&#8220;4x&#8220; mobile_columns_vertical_gap=&#8220;none&#8220;][vc_column content_width=&#8220;custom&#8220; horizontal_content_position=&#8220;center&#8220; custom_content_width=&#8220;770&#8243;]<h3 class=\"grve-element grve-title grve-align-inherit grve-h2\"><span>Datenschutz-<br \/>\nerkl\u00e4rung<\/span><\/h3>[vc_row_inner mobile_columns_vertical_gap=&#8220;15&#8243;][vc_column_inner width=&#8220;1\/4&#8243;]<h3 class=\"grve-element grve-title grve-align-inherit grve-h6\"><span><br>\nAllgemeine Hinweise<br>\n<\/span><\/h3>[\/vc_column_inner][vc_column_inner width=&#8220;3\/4&#8243;][vc_column_text]<\/p>\n<p class=\"PROJEKT_info2_zent\">Die folgenden Hinweise geben einen einfachen \u00dcberblick dar\u00fcber, was mit Ihren personenbezogenen Daten passiert, wenn Sie unsere Website besuchen. Personenbezogene Daten sind alle Daten, mit denen Sie pers\u00f6nlich identifiziert werden k\u00f6nnen. Ausf\u00fchrliche Informationen zum Thema Datenschutz entnehmen Sie unserer unter diesem Text aufgef\u00fchrten Datenschutzerkl\u00e4rung.<\/p>\n<p>[\/vc_column_text][\/vc_column_inner][\/vc_row_inner]<div class=\"grve-empty-space grve-height-2x\"><\/div>[vc_row_inner mobile_columns_vertical_gap=&#8220;15&#8243;][vc_column_inner width=&#8220;1\/4&#8243;]<h3 class=\"grve-element grve-title grve-align-inherit grve-h6\"><span><br>\nAnalysetools und Tools von Drittanbietern<br>\n<\/span><\/h3>[\/vc_column_inner][vc_column_inner width=&#8220;3\/4&#8243;][vc_column_text]<\/p>\n<p class=\"PROJEKT_info2_zent\">Beim Besuch unserer Website kann Ihr Surf-Verhalten statistisch ausgewertet werden. Das geschieht vor allem mit Cookies und mit sogenannten Analyseprogrammen. Die Analyse Ihres Surf-Verhaltens erfolgt in der Regel anonym; das Surf-Verhalten kann nicht zu Ihnen zur\u00fcckverfolgt werden. Sie k\u00f6nnen dieser Analyse widersprechen oder sie durch die Nichtbenutzung bestimmter Tools verhindern. Detaillierte Informationen dazu finden Sie in der folgenden Datenschutzerkl\u00e4rung.<\/p>\n<p class=\"PROJEKT_info2_zent\">Sie k\u00f6nnen dieser Analyse widersprechen. \u00dcber die Widerspruchsm\u00f6glichkeiten werden wir Sie in dieser Datenschutzerkl\u00e4rung informieren.<\/p>\n<p>[\/vc_column_text][\/vc_column_inner][\/vc_row_inner]<div class=\"grve-empty-space grve-height-2x\"><\/div>[vc_row_inner mobile_columns_vertical_gap=&#8220;15&#8243;][vc_column_inner width=&#8220;1\/4&#8243;]<h3 class=\"grve-element grve-title grve-align-inherit grve-h6\"><span><br>\n<p id=\"u16793-77\" class=\"PROJEKT_head_zent\">Datenschutz<br \/>\nAllgemeine Hinweise und Informationen zum Datenschutz<br>\n<\/span><\/h3>[\/vc_column_inner][vc_column_inner width=&#8220;3\/4&#8243;][vc_column_text]<\/p>\n<p class=\"PROJEKT_info2_zent\">Die Betreiber dieser Seiten nehmen den Schutz Ihrer pers\u00f6nlichen Daten sehr ernst. Wir behandeln Ihre personenbezogenen Daten vertraulich und entsprechend der gesetzlichen Datenschutzvorschriften sowie dieser Datenschutzerkl\u00e4rung.<\/p>\n<p class=\"PROJEKT_info2_zent\">Wenn Sie diese Website benutzen, werden verschiedene personenbezogene Daten erhoben. Personenbezogene Daten sind Daten, mit denen Sie pers\u00f6nlich identifiziert werden k\u00f6nnen. Die vorliegende Datenschutzerkl\u00e4rung erl\u00e4utert, welche Daten wir erheben und wof\u00fcr wir sie nutzen. Sie erl\u00e4utert auch, wie und zu welchem Zweck das geschieht.<\/p>\n<p class=\"PROJEKT_info2_zent\">Wir weisen darauf hin, dass die Daten\u00fcbertragung im Internet (z.B. bei der Kommunikation per E-Mail) Sicherheitsl\u00fccken aufweisen kann. Ein l\u00fcckenloser Schutz der Daten vor dem Zugriff durch Dritte ist nicht m\u00f6glich.<\/p>\n<p>[\/vc_column_text][\/vc_column_inner][\/vc_row_inner]<div class=\"grve-empty-space grve-height-2x\"><\/div>[vc_row_inner mobile_columns_vertical_gap=&#8220;15&#8243;][vc_column_inner width=&#8220;1\/4&#8243;]<h3 class=\"grve-element grve-title grve-align-inherit grve-h6\"><span><br>\n<p id=\"u16793-77\" class=\"PROJEKT_head_zent\">Hinweise zur verantwortlichen Stelle<br>\n<\/span><\/h3>[\/vc_column_inner][vc_column_inner width=&#8220;3\/4&#8243;][vc_column_text]<\/p>\n<p class=\"PROJEKT_info2_zent\">Die verantwortliche Stelle f\u00fcr die Datenverarbeitung auf dieser Website ist:<br \/>\nAgnes Lison<br \/>\nKirchenstra\u00dfe 97 | 81675 M\u00fcnchen<br \/>\nTel: 0151 16353557<br \/>\nE-Mail: mail@agli-design.de<\/p>\n<p>Verantwortliche Stelle ist die nat\u00fcrliche oder juristische Person, die allein oder gemeinsam mit anderen \u00fcber die Zwecke und Mittel der Verarbeitung von personenbezogenen Daten (z.B. Namen, E-Mail-Adressen o. \u00c4.) entscheidet.[\/vc_column_text][\/vc_column_inner][\/vc_row_inner]<div class=\"grve-empty-space grve-height-2x\"><\/div>[vc_row_inner mobile_columns_vertical_gap=&#8220;15&#8243;][vc_column_inner width=&#8220;1\/4&#8243;]<h3 class=\"grve-element grve-title grve-align-inherit grve-h6\"><span>Widderuf\u00a0Ihrer Einwilligung zur Datenverarbeitung<\/span><\/h3>[\/vc_column_inner][vc_column_inner width=&#8220;3\/4&#8243;][vc_column_text]<\/p>\n<p class=\"PROJEKT_info2_zent\">Viele Datenverarbeitungsvorg\u00e4nge sind nur mit Ihrer ausdr\u00fccklichen Einwilligung m\u00f6glich. Sie k\u00f6nnen eine bereits erteilte Einwilligung jederzeit widerrufen. Dazu reicht eine formlose Mitteilung per E-Mail an uns. Die Rechtm\u00e4\u00dfigkeit der bis zum Widerruf erfolgten Datenverarbeitung bleibt vom Widerruf unber\u00fchrt.<\/p>\n<p>[\/vc_column_text][\/vc_column_inner][\/vc_row_inner]<div class=\"grve-empty-space grve-height-2x\"><\/div>[vc_row_inner mobile_columns_vertical_gap=&#8220;15&#8243;][vc_column_inner width=&#8220;1\/4&#8243;]<h3 class=\"grve-element grve-title grve-align-inherit grve-h6\"><span><br>\n<p id=\"u16793-77\" class=\"PROJEKT_head_zent\">Recht auf \u00dcbertragbarkeit<br>\n<\/span><\/h3>[\/vc_column_inner][vc_column_inner width=&#8220;3\/4&#8243;][vc_column_text]<\/p>\n<p class=\"PROJEKT_info2_zent\">Sie haben das Recht, Daten, die wir auf Grundlage Ihrer Einwilligung oder in Erf\u00fcllung eines Vertrags automatisiert verarbeiten, an sich oder an einen Dritten in einem g\u00e4ngigen, maschinenlesbaren Format aush\u00e4ndigen zu lassen. Sofern Sie die direkte \u00dcbertragung der Daten an einen anderen Verantwortlichen verlangen, erfolgt dies nur, soweit es technisch machbar ist.<\/p>\n<p>[\/vc_column_text][\/vc_column_inner][\/vc_row_inner]<div class=\"grve-empty-space grve-height-2x\"><\/div>[vc_row_inner mobile_columns_vertical_gap=&#8220;15&#8243;][vc_column_inner width=&#8220;1\/4&#8243;]<h3 class=\"grve-element grve-title grve-align-inherit grve-h6\"><span><br>\n<p id=\"u16793-77\" class=\"PROJEKT_head_zent\">Auskunft, Sperrung, L\u00f6schung<br>\n<\/span><\/h3>[\/vc_column_inner][vc_column_inner width=&#8220;3\/4&#8243;][vc_column_text]<\/p>\n<p class=\"PROJEKT_info2_zent\">Sie haben im Rahmen der geltenden gesetzlichen Bestimmungen jederzeit das Recht auf unentgeltliche Auskunft \u00fcber Ihre gespeicherten personenbezogenen Daten, deren Herkunft und Empf\u00e4nger und den Zweck der Datenverarbeitung und ggf. ein Recht auf Berichtigung, Sperrung oder L\u00f6schung dieser Daten. Hierzu sowie zu weiteren Fragen zum Thema personenbezogene Daten k\u00f6nnen Sie sich jederzeit unter der im Impressum angegebenen Adresse an uns wenden.<\/p>\n<p>[\/vc_column_text][\/vc_column_inner][\/vc_row_inner]<div class=\"grve-empty-space grve-height-2x\"><\/div>[vc_row_inner mobile_columns_vertical_gap=&#8220;15&#8243;][vc_column_inner width=&#8220;1\/4&#8243;]<h3 class=\"grve-element grve-title grve-align-inherit grve-h6\"><span><br>\n<p id=\"u16793-77\" class=\"PROJEKT_head_zent\">Widerspruch gegen Werbe-Mails<br>\n<\/span><\/h3>[\/vc_column_inner][vc_column_inner width=&#8220;3\/4&#8243;][vc_column_text]<\/p>\n<p class=\"PROJEKT_info2_zent\">Der Nutzung von im Rahmen der Impressumspflicht ver\u00f6ffentlichten Kontaktdaten zur \u00dcbersendung von nicht ausdr\u00fccklich angeforderter Werbung und Informationsmaterialien wird hiermit widersprochen. Die Betreiber der Seiten behalten sich ausdr\u00fccklich rechtliche Schritte im Falle der unverlangten Zusendung von Werbeinformationen, etwa durch Spam-E-Mails, vor.<\/p>\n<p>[\/vc_column_text][\/vc_column_inner][\/vc_row_inner]<div class=\"grve-empty-space grve-height-2x\"><\/div>[vc_row_inner mobile_columns_vertical_gap=&#8220;15&#8243;][vc_column_inner width=&#8220;1\/4&#8243;]<h3 class=\"grve-element grve-title grve-align-inherit grve-h6\"><span>Datenerfassung auf unserer Website<\/span><\/h3>[\/vc_column_inner][vc_column_inner width=&#8220;3\/4&#8243;][vc_column_text]<\/p>\n<p class=\"PROJEKT_info2_zent\">Der Provider der Seiten erhebt und speichert automatisch Informationen in so genannten Server-Log-Dateien, die Ihr Browser automatisch an uns \u00fcbermittelt. Dies sind:<br \/>\n\u2022 Browsertyp und Browserversion<br \/>\n\u2022 verwendetes Betriebssystem<br \/>\n\u2022 Referrer URL<br \/>\n\u2022 Hostname des zugreifenden Rechners<br \/>\n\u2022 Uhrzeit der Serveranfrage<br \/>\n\u2022 IP-Adresse<br \/>\nEine Zusammenf\u00fchrung dieser Daten mit anderen Datenquellen wird nicht vorgenommen.\u00a0Grundlage f\u00fcr die Datenverarbeitung ist Art. 6 Abs. 1 lit. f DSGVO, der die Verarbeitung von Daten zur Erf\u00fcllung eines Vertrags oder vorvertraglicher Ma\u00dfnahmen gestattet.<\/p>\n<p>[\/vc_column_text][\/vc_column_inner][\/vc_row_inner][\/vc_column][\/vc_row][vc_row][vc_column]<div class=\"grve-empty-space grve-height-3x\"><\/div>[\/vc_column][\/vc_row][vc_row padding_top_multiplier=&#8220;&#8220; padding_bottom_multiplier=&#8220;custom&#8220; rc_heading_color=&#8220;white&#8220; rc_bg_type=&#8220;color&#8220; scroll_header_skin=&#8220;light&#8220; padding_bottom=&#8220;36&#8243; rc_font_color=&#8220;#ffffff&#8220; rc_bg_color=&#8220;#000000&#8243;][vc_column text_align=&#8220;center&#8220;]<div class=\"grve-element grve-divider\"><div class=\"grve-vertical-divider grve-align-inherit grve-height-3x grve-line-anim-top-bottom\" style=\"width: 1px;\"><span class=\"grve-bg-white\"><\/span><\/div><\/div><div class=\"grve-empty-space grve-height-3x\"><\/div><div class=\"grve-element grve-image grve-align-center\" style=\"margin-bottom: 50px;\">\r\n\t<div class=\"grve-image-item\">\r\n\t\t\r\n\r\n<div class=\"grve-image-wrapper grve-no-effect\">\r\n\t\t<div class=\"grve-thumbnail-wrapper\"  style=\"width: 150px;\"><div class=\"grve-thumbnail\"  style=\"padding-top: 100%;\"><img decoding=\"async\" width=\"150\" height=\"150\" src=\"https:\/\/agli-design.de\/wp-content\/uploads\/2020\/07\/agli_logo_white-150x150.png\" class=\"attachment-thumbnail size-thumbnail grve-lazy-load lazyload\" alt=\"\" data-column-space=\"auto\" data-lazyload=\"\" data-grve-filter=\"yes\" srcset=\"https:\/\/agli-design.de\/wp-content\/themes\/impeka\/images\/empty\/empty.png\" data-src=\"https:\/\/agli-design.de\/wp-content\/uploads\/2020\/07\/agli_logo_white-150x150.png\" data-sizes=\"auto\" data-srcset=\"https:\/\/agli-design.de\/wp-content\/uploads\/2020\/07\/agli_logo_white-150x150.png 150w, https:\/\/agli-design.de\/wp-content\/uploads\/2020\/07\/agli_logo_white-560x560.png 560w, https:\/\/agli-design.de\/wp-content\/uploads\/2020\/07\/agli_logo_white-900x900.png 900w\" data-expand=\"1\" \/><\/div><\/div>\t<\/div>\r\n\t<\/div>\r\n<\/div>\r\n<h3 data-animation=\"fade-in-down-big\" data-delay=\"0\" data-duration=\"normal\" class=\"grve-element grve-title grve-align-inherit grve-animated-item grve-subtitle-text\"><span>AGLI-DESIGN<\/span><\/h3>[\/vc_column][\/vc_row]<\/p>\n","protected":false},"excerpt":{"rendered":"<p>[vc_row padding_top_multiplier=&#8220;5x&#8220; rc_heading_color=&#8220;white&#8220; rc_bg_type=&#8220;color&#8220; tablet_sm_columns_vertical_gap=&#8220;60&#8243; rc_font_color=&#8220;#000000&#8243; rc_bg_color=&#8220;#ffffff&#8220;][vc_column width=&#8220;5\/12&#8243; animation=&#8220;fade-in-up&#8220; tablet_sm_width=&#8220;2-3&#8243; rc_font_color=&#8220;#000000&#8243;][\/vc_column][vc_column width=&#8220;7\/12&#8243; content_width=&#8220;custom&#8220; rc_heading_color=&#8220;black&#8220; rc_link_hover_color=&#8220;primary-1&#8243; tablet_sm_width=&#8220;1&#8243; custom_content_width=&#8220;610&#8243; rc_font_color=&#8220;#000000&#8243;][vc_column_text animation=&#8220;fade-in&#8220; animation_delay=&#8220;600&#8243;] Agnes Lison [\/vc_column_text][vc_column_text animation=&#8220;fade-in&#8220; animation_delay=&#8220;600&#8243;] Tel: 0151 16353557 E-Mail: mail@agli-design.de [&hellip;]<\/p>\n","protected":false},"author":1,"featured_media":0,"parent":0,"menu_order":0,"comment_status":"closed","ping_status":"open","template":"","meta":{"content-type":"","footnotes":""},"class_list":["post-3","page","type-page","status-publish","hentry","grve-entry-item"],"_links":{"self":[{"href":"https:\/\/agli-design.de\/index.php?rest_route=\/wp\/v2\/pages\/3","targetHints":{"allow":["GET"]}}],"collection":[{"href":"https:\/\/agli-design.de\/index.php?rest_route=\/wp\/v2\/pages"}],"about":[{"href":"https:\/\/agli-design.de\/index.php?rest_route=\/wp\/v2\/types\/page"}],"author":[{"embeddable":true,"href":"https:\/\/agli-design.de\/index.php?rest_route=\/wp\/v2\/users\/1"}],"replies":[{"embeddable":true,"href":"https:\/\/agli-design.de\/index.php?rest_route=%2Fwp%2Fv2%2Fcomments&post=3"}],"version-history":[{"count":15,"href":"https:\/\/agli-design.de\/index.php?rest_route=\/wp\/v2\/pages\/3\/revisions"}],"predecessor-version":[{"id":8162,"href":"https:\/\/agli-design.de\/index.php?rest_route=\/wp\/v2\/pages\/3\/revisions\/8162"}],"wp:attachment":[{"href":"https:\/\/agli-design.de\/index.php?rest_route=%2Fwp%2Fv2%2Fmedia&parent=3"}],"curies":[{"name":"wp","href":"https:\/\/api.w.org\/{rel}","templated":true}]}}